{"id":1678,"date":"2020-05-27T11:41:29","date_gmt":"2020-05-27T11:41:29","guid":{"rendered":"https:\/\/www.dolija.com\/shop\/product\/rafe-750ml\/"},"modified":"2021-04-22T08:30:48","modified_gmt":"2021-04-22T08:30:48","slug":"rafe-750ml","status":"publish","type":"product","link":"https:\/\/www.dolija.com\/shop\/proizvod\/rafe-750ml\/?lang=hr","title":{"rendered":"RAFE 750ml"},"content":{"rendered":"<p>Vjerujete li u an\u0111ele, svjetlucava eteri\u010dna bi\u0107a koja svojim \u010dudesnim intervencijama poma\u017eu kad je najpotrebnije i \u010dine \u017eivot ljep\u0161im, a svijet boljim? Mo\u017eda njihovo postojanje ovisi o na\u0161em uvjerenju, mo\u017eda su an\u0111eli samo plod na\u0161e imaginacije, ali ponekad nas ne\u010dija dobrota toliko zadivi da preostaje samo re\u0107i kako je ta osoba pravi an\u0111eo. On razumije sve ostale jer ima pone\u0161to od svakoga. Ulje <strong>Rafe<\/strong> je ba\u0161 poput an\u0111ela Rafaela zadu\u017eenog za zdravlje, utjehu i mir. Bu\u017ea, Karbonaca, Ro\u0161injola i Drobnica povjerile su mu svoje tajne, njegovi odani prijatelji su Pendolino, Leccino i Cipressino, a s Istarskom bjelicom spaja ga gotovo intuitivno razumijevanje bez suvi\u0161nih rije\u010di. Kada bi bio slikar, bio bi slavni renesansni slikar Rafael. Me\u0111u Dolija uljima on je mje\u0161avina najboljeg. Ulje s karakterom.<\/p>\n","protected":false},"excerpt":{"rendered":"<p>Ulje <strong>Rafe<\/strong> je ba\u0161 poput an\u0111ela Rafaela zadu\u017eenog za zdravlje, utjehu i mir. Bu\u017ea, Karbonaca, Ro\u0161injola i Drobnica povjerile su mu svoje tajne, njegovi odani prijatelji su Pendolino, Leccino i Cipressino, a s Istarskom bjelicom spaja ga gotovo intuitivno razumijevanje bez suvi\u0161nih rije\u010di.<\/p>\n<p>750ml.<\/p>\n","protected":false},"featured_media":2670,"comment_status":"open","ping_status":"closed","template":"","meta":{"ocean_post_layout":"full-width","ocean_both_sidebars_style":"","ocean_both_sidebars_content_width":0,"ocean_both_sidebars_sidebars_width":0,"ocean_sidebar":"0","ocean_second_sidebar":"0","ocean_disable_margins":"enable","ocean_add_body_class":"","ocean_shortcode_before_top_bar":"","ocean_shortcode_after_top_bar":"","ocean_shortcode_before_header":"","ocean_shortcode_after_header":"","ocean_has_shortcode":"","ocean_shortcode_after_title":"","ocean_shortcode_before_footer_widgets":"","ocean_shortcode_after_footer_widgets":"","ocean_shortcode_before_footer_bottom":"","ocean_shortcode_after_footer_bottom":"","ocean_display_top_bar":"default","ocean_display_header":"default","ocean_header_style":"","ocean_center_header_left_menu":"0","ocean_custom_header_template":"0","ocean_custom_logo":0,"ocean_custom_retina_logo":0,"ocean_custom_logo_max_width":0,"ocean_custom_logo_tablet_max_width":0,"ocean_custom_logo_mobile_max_width":0,"ocean_custom_logo_max_height":0,"ocean_custom_logo_tablet_max_height":0,"ocean_custom_logo_mobile_max_height":0,"ocean_header_custom_menu":"0","ocean_menu_typo_font_family":"0","ocean_menu_typo_font_subset":"","ocean_menu_typo_font_size":0,"ocean_menu_typo_font_size_tablet":0,"ocean_menu_typo_font_size_mobile":0,"ocean_menu_typo_font_size_unit":"px","ocean_menu_typo_font_weight":"","ocean_menu_typo_font_weight_tablet":"","ocean_menu_typo_font_weight_mobile":"","ocean_menu_typo_transform":"","ocean_menu_typo_transform_tablet":"","ocean_menu_typo_transform_mobile":"","ocean_menu_typo_line_height":0,"ocean_menu_typo_line_height_tablet":0,"ocean_menu_typo_line_height_mobile":0,"ocean_menu_typo_line_height_unit":"","ocean_menu_typo_spacing":0,"ocean_menu_typo_spacing_tablet":0,"ocean_menu_typo_spacing_mobile":0,"ocean_menu_typo_spacing_unit":"","ocean_menu_link_color":"","ocean_menu_link_color_hover":"","ocean_menu_link_color_active":"","ocean_menu_link_background":"","ocean_menu_link_hover_background":"","ocean_menu_link_active_background":"","ocean_menu_social_links_bg":"","ocean_menu_social_hover_links_bg":"","ocean_menu_social_links_color":"","ocean_menu_social_hover_links_color":"","ocean_disable_title":"on","ocean_disable_heading":"default","ocean_post_title":"","ocean_post_subheading":"","ocean_post_title_style":"","ocean_post_title_background_color":"","ocean_post_title_background":0,"ocean_post_title_bg_image_position":"","ocean_post_title_bg_image_attachment":"","ocean_post_title_bg_image_repeat":"","ocean_post_title_bg_image_size":"","ocean_post_title_height":0,"ocean_post_title_bg_overlay":0.5,"ocean_post_title_bg_overlay_color":"","ocean_disable_breadcrumbs":"default","ocean_breadcrumbs_color":"","ocean_breadcrumbs_separator_color":"","ocean_breadcrumbs_links_color":"","ocean_breadcrumbs_links_hover_color":"","ocean_display_footer_widgets":"default","ocean_display_footer_bottom":"default","ocean_custom_footer_template":"0"},"product_brand":[],"product_cat":[81],"product_tag":[],"class_list":{"0":"post-1678","1":"product","2":"type-product","3":"status-publish","4":"has-post-thumbnail","6":"product_cat-olive-oil-hr","8":"entry","9":"has-media","11":"first","12":"outofstock","13":"shipping-taxable","14":"purchasable","15":"product-type-simple","16":"has-product-nav","17":"col","18":"span_1_of_2","19":"owp-content-center","20":"owp-thumbs-layout-horizontal","21":"owp-btn-normal","22":"owp-tabs-layout-horizontal","23":"has-no-thumbnails"},"_links":{"self":[{"href":"https:\/\/www.dolija.com\/shop\/wp-json\/wp\/v2\/product\/1678","targetHints":{"allow":["GET"]}}],"collection":[{"href":"https:\/\/www.dolija.com\/shop\/wp-json\/wp\/v2\/product"}],"about":[{"href":"https:\/\/www.dolija.com\/shop\/wp-json\/wp\/v2\/types\/product"}],"replies":[{"embeddable":true,"href":"https:\/\/www.dolija.com\/shop\/wp-json\/wp\/v2\/comments?post=1678"}],"wp:featuredmedia":[{"embeddable":true,"href":"https:\/\/www.dolija.com\/shop\/wp-json\/wp\/v2\/media\/2670"}],"wp:attachment":[{"href":"https:\/\/www.dolija.com\/shop\/wp-json\/wp\/v2\/media?parent=1678"}],"wp:term":[{"taxonomy":"product_brand","embeddable":true,"href":"https:\/\/www.dolija.com\/shop\/wp-json\/wp\/v2\/product_brand?post=1678"},{"taxonomy":"product_cat","embeddable":true,"href":"https:\/\/www.dolija.com\/shop\/wp-json\/wp\/v2\/product_cat?post=1678"},{"taxonomy":"product_tag","embeddable":true,"href":"https:\/\/www.dolija.com\/shop\/wp-json\/wp\/v2\/product_tag?post=1678"}],"curies":[{"name":"wp","href":"https:\/\/api.w.org\/{rel}","templated":true}]}}